{"id":81,"date":"2021-03-09T12:13:22","date_gmt":"2021-03-09T11:13:22","guid":{"rendered":"http:\/\/etude-successorale.fr\/?page_id=81"},"modified":"2024-10-31T08:29:49","modified_gmt":"2024-10-31T07:29:49","slug":"accueil","status":"publish","type":"page","link":"https:\/\/etude-successorale.fr\/","title":{"rendered":"Accueil"},"content":{"rendered":"\n<p>L\u2019\u00e9volution de la soci\u00e9t\u00e9, plus encore aujourd&#8217;hui qu&#8217;hier rend n\u00e9cessaire l&#8217;intervention d&#8217;un g\u00e9n\u00e9alogiste : divorces croissants, multiplication des unions libres, augmentation des naissances hors mariage, personnes isol\u00e9es sans lien familial, l&#8217;ensemble dans un contexte de mobilit\u00e9 g\u00e9ographique accrue.<\/p>\n\n\n\n<div class=\"wp-block-columns is-layout-flex wp-container-core-columns-is-layout-9d6595d7 wp-block-columns-is-layout-flex\">\n<div class=\"wp-block-column is-layout-flow wp-block-column-is-layout-flow\" style=\"flex-basis:33.33%\">\n<figure class=\"wp-block-gallery has-nested-images columns-default is-cropped wp-block-gallery-1 is-layout-flex wp-block-gallery-is-layout-flex\">\n<figure class=\"wp-block-image size-large\"><img loading=\"lazy\" decoding=\"async\" width=\"1024\" height=\"788\" data-id=\"217\" src=\"http:\/\/etude-successorale.fr\/wp-content\/uploads\/2021\/09\/image-site-ESCB-1-1024x788.jpg\" alt=\"\" class=\"wp-image-217\" srcset=\"https:\/\/etude-successorale.fr\/wp-content\/uploads\/2021\/09\/image-site-ESCB-1-1024x788.jpg 1024w, https:\/\/etude-successorale.fr\/wp-content\/uploads\/2021\/09\/image-site-ESCB-1-300x231.jpg 300w, https:\/\/etude-successorale.fr\/wp-content\/uploads\/2021\/09\/image-site-ESCB-1-768x591.jpg 768w, https:\/\/etude-successorale.fr\/wp-content\/uploads\/2021\/09\/image-site-ESCB-1-1536x1181.jpg 1536w, https:\/\/etude-successorale.fr\/wp-content\/uploads\/2021\/09\/image-site-ESCB-1-2048x1575.jpg 2048w\" sizes=\"auto, (max-width: 1024px) 100vw, 1024px\" \/><\/figure>\n<\/figure>\n<\/div>\n\n\n\n<div class=\"wp-block-column is-vertically-aligned-top is-layout-flow wp-block-column-is-layout-flow\">\n<p class=\"has-text-align-left\">Le plus souvent \u00e0 la demande d&#8217;un notaire, mais aussi d&#8217;un avocat ou encore de collectivit\u00e9s locales, le g\u00e9n\u00e9alogiste se met en qu\u00eate de retrouver les h\u00e9ritiers d&#8217;une succession dont ils ignorent l&#8217;existence.<\/p>\n\n\n\n<p>Afin de garantir l&#8217;exactitude des d\u00e9volutions successorales, le g\u00e9n\u00e9alogiste fait appel \u00e0 diff\u00e9rentes sources conserv\u00e9es dans les mairies, archives ou autres d\u00e9p\u00f4ts publics : \u00e9tat civil, recensements de population, d\u00e9clarations de successions, mais \u00e9galement enqu\u00eates de terrain afin de r\u00e9colter le moindre indice.<\/p>\n<\/div>\n<\/div>\n\n\n\n<p>Une fois les h\u00e9ritiers identifi\u00e9s et localis\u00e9s, et il leur est propos\u00e9 un contrat de r\u00e9v\u00e9lation afin de garantir leurs droits en contrepartie d&#8217;un honoraire variable en fonction de leur degr\u00e9 de parent\u00e9. Par l&#8217;interm\u00e9diaire d&#8217;une procuration, l\u2019h\u00e9ritier mandate le g\u00e9n\u00e9alogiste afin que ce dernier le repr\u00e9sente aupr\u00e8s du notaire liquidateur. Ainsi, le r\u00f4le du g\u00e9n\u00e9alogiste ne se borne pas seulement \u00e0 retrouver des h\u00e9ritiers, mais il est \u00e9galement leur repr\u00e9sentant aupr\u00e8s du notaire et assure ainsi, en leur nom, les op\u00e9rations de r\u00e8glement de la succession.<\/p>\n\n\n\n<p><\/p>\n\n\n\n<p><\/p>\n\n\n\n<div class=\"wp-block-media-text alignwide has-media-on-the-right is-stacked-on-mobile\" style=\"grid-template-columns:auto 15%\"><div class=\"wp-block-media-text__content\">\n<p class=\"has-normal-font-size\">G\u00e9n\u00e9alogiste successoral depuis plus de trente ans, Christophe Brun est par ailleurs l&#8217;auteur d&#8217;articles et d&#8217;ouvrages consacr\u00e9s \u00e0 l&#8217;histoire et \u00e0 la g\u00e9n\u00e9alogie. <\/p>\n\n\n\n<p class=\"has-normal-font-size\">L&#8217;\u00c9tude Successorale Christophe Brun est membre de la Chambre des G\u00e9n\u00e9alogistes Professionnels.<\/p>\n<\/div><figure class=\"wp-block-media-text__media\"><img loading=\"lazy\" decoding=\"async\" width=\"881\" height=\"1024\" src=\"http:\/\/etude-successorale.fr\/wp-content\/uploads\/2021\/09\/Capture-decran-2021-09-10-a-11.29.09-881x1024.png\" alt=\"\" class=\"wp-image-216 size-full\" srcset=\"https:\/\/etude-successorale.fr\/wp-content\/uploads\/2021\/09\/Capture-decran-2021-09-10-a-11.29.09-881x1024.png 881w, https:\/\/etude-successorale.fr\/wp-content\/uploads\/2021\/09\/Capture-decran-2021-09-10-a-11.29.09-258x300.png 258w, https:\/\/etude-successorale.fr\/wp-content\/uploads\/2021\/09\/Capture-decran-2021-09-10-a-11.29.09-768x893.png 768w, https:\/\/etude-successorale.fr\/wp-content\/uploads\/2021\/09\/Capture-decran-2021-09-10-a-11.29.09-1321x1536.png 1321w, https:\/\/etude-successorale.fr\/wp-content\/uploads\/2021\/09\/Capture-decran-2021-09-10-a-11.29.09.png 1328w\" sizes=\"auto, (max-width: 881px) 100vw, 881px\" \/><\/figure><\/div>\n\n\n\n<div class=\"wp-block-columns is-layout-flex wp-container-core-columns-is-layout-9d6595d7 wp-block-columns-is-layout-flex\">\n<div class=\"wp-block-column is-layout-flow wp-block-column-is-layout-flow\"><\/div>\n<\/div>\n\n\n\n<p class=\"has-text-align-center has-small-font-size\">Etude Successorale Christophe Brun &#8211; 5, rue des bengalis 34090 MONTPELLIER &#8211; 06.29.21.07.69 &#8211; ch.brun.escb@gmail.com<br>SAS au capital de 1000\u20ac &#8211; RCS MONTPELLIER 893977660 &#8211; TVA : FR71893977660 &#8211; code APE : 9609Z &#8211; www.etude-successorale.fr.<br>Membre de la Chambre des G\u00e9n\u00e9alogistes Professionnels &#8211; Responsabilit\u00e9 civile professionnelle : MMA IARD 127.120.689<\/p>\n","protected":false},"excerpt":{"rendered":"<p>L\u2019\u00e9volution de la soci\u00e9t\u00e9, plus encore aujourd&#8217;hui qu&#8217;hier rend n\u00e9cessaire l&#8217;intervention d&#8217;un g\u00e9n\u00e9alogiste : divorces croissants, multiplication des unions libres, [&hellip;]<\/p>\n","protected":false},"author":1,"featured_media":0,"parent":0,"menu_order":0,"comment_status":"closed","ping_status":"closed","template":"","meta":{"footnotes":""},"class_list":["post-81","page","type-page","status-publish","hentry"],"_links":{"self":[{"href":"https:\/\/etude-successorale.fr\/index.php?rest_route=\/wp\/v2\/pages\/81","targetHints":{"allow":["GET"]}}],"collection":[{"href":"https:\/\/etude-successorale.fr\/index.php?rest_route=\/wp\/v2\/pages"}],"about":[{"href":"https:\/\/etude-successorale.fr\/index.php?rest_route=\/wp\/v2\/types\/page"}],"author":[{"embeddable":true,"href":"https:\/\/etude-successorale.fr\/index.php?rest_route=\/wp\/v2\/users\/1"}],"replies":[{"embeddable":true,"href":"https:\/\/etude-successorale.fr\/index.php?rest_route=%2Fwp%2Fv2%2Fcomments&post=81"}],"version-history":[{"count":33,"href":"https:\/\/etude-successorale.fr\/index.php?rest_route=\/wp\/v2\/pages\/81\/revisions"}],"predecessor-version":[{"id":244,"href":"https:\/\/etude-successorale.fr\/index.php?rest_route=\/wp\/v2\/pages\/81\/revisions\/244"}],"wp:attachment":[{"href":"https:\/\/etude-successorale.fr\/index.php?rest_route=%2Fwp%2Fv2%2Fmedia&parent=81"}],"curies":[{"name":"wp","href":"https:\/\/api.w.org\/{rel}","templated":true}]}}